{"id":5859,"date":"2017-06-19T10:51:21","date_gmt":"2017-06-19T10:51:21","guid":{"rendered":"http:\/\/easycargopanama.com\/?page_id=5859"},"modified":"2017-07-19T12:14:59","modified_gmt":"2017-07-19T12:14:59","slug":"summer-easy-cargo","status":"publish","type":"page","link":"https:\/\/easycargopanama.com\/en\/summer-easy-cargo\/","title":{"rendered":"Verano Easy Cargo"},"content":{"rendered":"[vc_column][\/vc_column][vc_row][vc_column][mk_image src=&#8221;http:\/\/easycargopanama.com\/wp-content\/uploads\/2017\/07\/unnamed-2.jpg&#8221; image_width=&#8221;1248&#8243; image_height=&#8221;910&#8243; crop=&#8221;false&#8221;][vc_column_text]\n<h4>Verano Easy Cargo<\/h4>\n<p align=\"justify\">Lleg\u00f3 el verano y para que complicarte, aqu\u00ed te damos varias ideas para que compres lo que quieras, cuando quieras. Porque todo es m\u00e1s f\u00e1cil con Easy Cargo.<\/p>\n<p align=\"justify\">Disfruta del <span style=\"color: blue;\"># Verano2017<\/span> con las ofertas en arti\u0301culos que trae <span style=\"color: blue;\">#Amazon<\/span> y reci\u0301belos bien easy en Panama\u0301 con nuestros envi\u0301os ae\u0301reos.<\/p>\n[\/vc_column_text][vc_single_image image=&#8221;5863&#8243;][vc_column_text]Coleman Xtreme Cooler -&gt; <a href=\"https:\/\/goo.gl\/TaW2Sm\"> https:\/\/goo.gl\/TaW2Sm <\/a><br \/>\nInflatable Pineapple -&gt; <a href=\"https:\/\/goo.gl\/ypNgY3\"> https:\/\/goo.gl\/ypNgY3 <\/a><br \/>\nColor Mirror Lens -&gt; <a href=\"https:\/\/goo.gl\/uveUvS\">https:\/\/goo.gl\/uveUvS<\/a>[\/vc_column_text][\/vc_column][\/vc_row]\n","protected":false},"excerpt":{"rendered":"<p>[vc_column][\/vc_column][vc_row][vc_column][mk_image src=&#8221;http:\/\/easycargopanama.com\/wp-content\/uploads\/2017\/07\/unnamed-2.jpg&#8221; image_width=&#8221;1248&#8243; image_height=&#8221;910&#8243; crop=&#8221;false&#8221;][vc_column_text] Verano Easy Cargo Lleg\u00f3 el verano y para que complicarte, aqu\u00ed te damos varias ideas para que compres lo que quieras, cuando quieras. Porque todo es m\u00e1s f\u00e1cil con Easy Cargo. Disfruta del # Verano2017 con las ofertas en arti\u0301culos que trae #Amazon y reci\u0301belos bien easy en Panama\u0301 con [&hellip;]<\/p>\n","protected":false},"author":1,"featured_media":0,"parent":0,"menu_order":0,"comment_status":"closed","ping_status":"closed","template":"","meta":[],"_links":{"self":[{"href":"https:\/\/easycargopanama.com\/en\/wp-json\/wp\/v2\/pages\/5859"}],"collection":[{"href":"https:\/\/easycargopanama.com\/en\/wp-json\/wp\/v2\/pages"}],"about":[{"href":"https:\/\/easycargopanama.com\/en\/wp-json\/wp\/v2\/types\/page"}],"author":[{"embeddable":true,"href":"https:\/\/easycargopanama.com\/en\/wp-json\/wp\/v2\/users\/1"}],"replies":[{"embeddable":true,"href":"https:\/\/easycargopanama.com\/en\/wp-json\/wp\/v2\/comments?post=5859"}],"version-history":[{"count":19,"href":"https:\/\/easycargopanama.com\/en\/wp-json\/wp\/v2\/pages\/5859\/revisions"}],"predecessor-version":[{"id":6226,"href":"https:\/\/easycargopanama.com\/en\/wp-json\/wp\/v2\/pages\/5859\/revisions\/6226"}],"wp:attachment":[{"href":"https:\/\/easycargopanama.com\/en\/wp-json\/wp\/v2\/media?parent=5859"}],"curies":[{"name":"wp","href":"https:\/\/api.w.org\/{rel}","templated":true}]}}