{"id":5978,"date":"2017-06-29T06:40:35","date_gmt":"2017-06-29T06:40:35","guid":{"rendered":"http:\/\/easycargopanama.com\/?page_id=5978"},"modified":"2019-10-02T12:06:07","modified_gmt":"2019-10-02T17:06:07","slug":"to-quote-and-rates","status":"publish","type":"page","link":"https:\/\/easycargopanama.com\/en\/to-quote-and-rates\/","title":{"rendered":"Cotizar"},"content":{"rendered":"<p><\/p>\n<p>Por favor ir a nuestra nueva p\u00e1gina de cotizaci\u00f3n:  <a href=\"http:\/\/easycargopanama.com\/en\/cotizacion\/\">Click aqu\u00ed<\/a> <\/p>\n<p>Please go to our new price quote page:  <a href=\"http:\/\/easycargopanama.com\/en\/cotizacion\/\">Click here<\/a> <\/p>\n<p><!--\n\n[mk_page_section bg_image=\"http:\/\/easycargopanama.com\/wp-content\/uploads\/2017\/06\/partir2.jpg\" bg_position=\"center center\" bg_repeat=\"no-repeat\" bg_stretch=\"true\" min_height=\"400\" full_width=\"true\" padding_top=\"0\" padding_bottom=\"20\" sidebar=\"sidebar-1\"][vc_column][mk_fancy_title color=\"#ffffff\" size=\"60\" txt_transform=\"capitalize\" margin_top=\"300\" font_family=\"Montserrat\" font_type=\"google\" align=\"center\"]Quote[\/mk_fancy_title][\/vc_column][\/mk_page_section][vc_row][vc_column][mk_padding_divider][mk_fancy_title font_family=\"Times New Roman, Times, serif\" font_type=\"safefont\"]<strong style=\"color: #00add8; font-family: Montserrat;\">Provide the required data to receive an estimate price.<\/strong>[\/mk_fancy_title][vc_raw_html]JTNDbGFiZWwlM0VSZWFsJTIwd2VpZ2h0JTJBJTNDJTJGbGFiZWwlM0UlM0NiciUyRiUzRSUwQSUzQ2lucHV0JTIwdHlwZSUzRCUyMnRleHQlMjIlMjBpZCUzRCUyMllRJTIyJTIwbWF4bGVuZ3RoJTNEJTIyNTAlMjIlMjB2YWx1ZSUzRDAlMjBvbmtleXVwJTNEJTIyZG9UcmFjayUyOCUyOSUyMiUyMCUyRiUzRSUyMCUwQSUzQ2RpdiUyMHN0eWxlJTNEJTIyY29sb3IlM0FyZWQlM0Jmb250LXNpemUlM0ExMnB4JTNCJTIyJTIwaWQlM0QlMjJlcnJvcl9tc2clMjIlMjAlM0UlM0MlMkZkaXYlM0UlMjAlMEElM0NkaXYlMjBzdHlsZSUzRCUyMmNvbG9yJTNBcmVkJTNCZm9udC1zaXplJTNBMTJweCUzQiUyMiUyMGlkJTNEJTIyZXJfY29uJTIyJTNFJTNDJTJGZGl2JTNFJTIw[\/vc_raw_html][mk_fancy_title font_family=\"Montserrat\" font_type=\"google\"]<strong style=\"color: #00add8;\">Remember to type in all required fields to receive a more accurate estimate.<\/strong>[\/mk_fancy_title][vc_row_inner][vc_column_inner width=\"5\/12\"][vc_raw_html]JTNDbGFiZWwlM0VIZWlnaHQlMjAlMjhpbiUyOSUyQSUzQyUyRmxhYmVsJTNFJTNDYnIlMkYlM0UlMEElM0NpbnB1dCUyMHR5cGUlM0QlMjJ0ZXh0JTIyJTIwaWQlM0QlMjJZUU51bSUyMiUyMG1heGxlbmd0aCUzRCUyMjUwJTIyJTIwdmFsdWUlM0QwJTIwb25rZXl1cCUzRCUyMmRvVHJhY2slMjglMjklMjIlMjAlMkYlM0UlMjAlMEElM0NkaXYlMjBzdHlsZSUzRCUyMmNvbG9yJTNBcmVkJTNCZm9udC1zaXplJTNBMTJweCUzQiUyMiUyMGlkJTNEJTIyZXJyb3JfbXNnMSUyMiUzRSUzQyUyRmRpdiUzRSUyMA==[\/vc_raw_html][vc_raw_html]JTNDbGFiZWwlM0VMZW5ndGglMjAlMjhpbiUyOSUyQSUzQyUyRmxhYmVsJTNFJTNDYnIlMkYlM0UlMEElM0NpbnB1dCUyMHR5cGUlM0QlMjJ0ZXh0JTIyJTIwaWQlM0QlMjJRTnVtJTIyJTIwbWF4bGVuZ3RoJTNEJTIyNTAlMjIlMjB2YWx1ZSUzRDAlMjBvbmtleXVwJTNEJTIyZG9UcmFjayUyOCUyOSUyMiUyMCUyRiUzRSUyMCUwQSUzQ2RpdiUyMHN0eWxlJTNEJTIyY29sb3IlM0FyZWQlM0Jmb250LXNpemUlM0ExMnB4JTNCJTIyJTIwaWQlM0QlMjJlcnJvcl9tc2cyJTIyJTNFJTNDJTJGZGl2JTNFJTIw[\/vc_raw_html][vc_raw_html]JTNDbGFiZWwlM0VXaWR0aCUyMCUyOGluJTI5JTJBJTNDJTJGbGFiZWwlM0UlM0NiciUyRiUzRSUwQSUzQ2lucHV0JTIwdHlwZSUzRCUyMnRleHQlMjIlMjBpZCUzRCUyMk51bSUyMiUyMG1heGxlbmd0aCUzRCUyMjUwJTIyJTIwdmFsdWUlM0QwJTIwb25rZXl1cCUzRCUyMmRvVHJhY2slMjglMjklMjIlMjAlMkYlM0UlMjAlMEElM0NkaXYlMjBzdHlsZSUzRCUyMmNvbG9yJTNBcmVkJTNCZm9udC1zaXplJTNBMTJweCUzQiUyMiUyMGlkJTNEJTIyZXJyb3JfbXNnMyUyMiUzRSUzQyUyRmRpdiUzRSUyMA==[\/vc_raw_html][\/vc_column_inner][vc_column_inner width=\"1\/6\"][\/vc_column_inner][vc_column_inner width=\"5\/12\"][vc_raw_html]JTNDbGFiZWwlM0VWb2x1bWUlMjBXZWlnaHQlMkElM0MlMkZsYWJlbCUzRSUzQ2JyJTJGJTNFJTNDYnIlM0UlMEElM0NkaXYlMjBpZCUzRCUyMkNvbnRhaW5lciUyMiUzRSUzQyUyRmRpdiUzRSUyMCUyMCUyMCUyMCUwQSUzQ2hyJTIwc3R5bGUlM0QlMjJmbG9hdCUzQWxlZnQlM0J3aWR0aCUzQTQwJTI1JTNCJTIyJTNFJTNDYnIlM0UlMEElM0NkaXYlMjBzdHlsZSUzRCUyMmNvbG9yJTNBcmVkJTNCZm9udC1zaXplJTNBMTJweCUzQiUyMiUyMGlkJTNEJTIyZXJfY29uMSUyMiUzRSUzQyUyRmRpdiUzRSUyMA==[\/vc_raw_html][vc_raw_html]JTNDZGl2JTIwc3R5bGUlM0QlMjJjb2xvciUzQXJlZCUzQmZvbnQtc2l6ZSUzQTEycHglM0IlMjIlMjBpZCUzRCUyMmVyX2NvbjElMjIlM0UlM0MlMkZkaXYlM0UlMjAlMEElMEElM0MlMjEtLSUyMCUzQ2xhYmVsJTNFQ1RGJTIwJTI4UDMlMjklM0MlMkZsYWJlbCUzRSUzQ2JyJTJGJTNFJTIwJTNDYnIlMkYlM0UlMjAlMEElM0NkaXYlMjBpZCUzRCUyMkNvbnRhaW5lcl8yJTIyJTNFJTNDJTJGZGl2JTNFJTBBJTNDaHIlMjBzdHlsZSUzRCUyMmZsb2F0JTNBbGVmdCUzQndpZHRoJTNBNDAlMjUlM0IlMjIlM0UlMjAtLSUzRQ==[\/vc_raw_html][\/vc_column_inner][\/vc_row_inner][mk_fancy_title font_family=\"Montserrat\" font_type=\"google\"]\n\n\n<h5><span style=\"color: #00add8;\">Approximate Price<\/span><\/h5>\n\n\nRemember to type in all required fields to receive a more accurate estimate.[\/mk_fancy_title][vc_row_inner][vc_column_inner width=\"5\/12\"][vc_raw_html]JTNDbGFiZWwlM0VBZXJpYWwlMjBGYXJlJTNDJTJGbGFiZWwlM0UlM0NiciUyRiUzRSUzQ2JyJTNFJTBBJTNDZGl2JTIwaWQlM0QlMjJDb250YWluZXJfMyUyMiUzRSUzQyUyRmRpdiUzRSUyMCUyMCUyMCUyMCUwQSUzQ2hyJTIwc3R5bGUlM0QlMjJmbG9hdCUzQWxlZnQlM0J3aWR0aCUzQTQwJTI1JTNCJTIyJTNF[\/vc_raw_html][vc_raw_html]JTIwJTNDbGFiZWwlM0VDb25zb2xpZGF0ZWQlMjBGYXJlJTNDJTJGbGFiZWwlM0UlM0NiciUyRiUzRSUyMCUzQ2JyJTJGJTNFJTIwJTBBJTNDZGl2JTIwaWQlM0QlMjJDb250YWluZXJfNCUyMiUzRSUzQyUyRmRpdiUzRSUwQSUzQ2hyJTIwc3R5bGUlM0QlMjJmbG9hdCUzQWxlZnQlM0J3aWR0aCUzQTQwJTI1JTNCJTIyJTNF[\/vc_raw_html][\/vc_column_inner][\/vc_row_inner][vc_raw_html]JTNDJTIxLS0lMEElM0NpbnB1dCUyMHR5cGUlM0QlMjJ0ZXh0JTIyJTIwaWQlM0QlMjJZUU51bSUyMiUyMG1heGxlbmd0aCUzRCUyMjUwJTIyJTIwdmFsdWUlM0QwJTIwb25jaGFuZ2UlM0QlMjJkb1RyYWNrJTI4JTI5JTIyJTIwJTJGJTNFJTIwJTBBJTNDaW5wdXQlMjB0eXBlJTNEJTIydGV4dCUyMiUyMGlkJTNEJTIyUU51bSUyMiUyMG1heGxlbmd0aCUzRCUyMjUwJTIyJTIwdmFsdWUlM0QwJTIwb25jaGFuZ2UlM0QlMjJkb1RyYWNrJTI4JTI5JTIyJTIwJTJGJTNFJTIwJTBBJTNDaW5wdXQlMjB0eXBlJTNEJTIydGV4dCUyMiUyMGlkJTNEJTIyTnVtJTIyJTIwbWF4bGVuZ3RoJTNEJTIyNTAlMjIlMjB2YWx1ZSUzRDAlMjBvbmNoYW5nZSUzRCUyMmRvVHJhY2slMjglMjklMjIlMjAlMkYlM0UlMjAlMEElMjAlMjAlMjAlMjAlMjAlMEElM0NkaXYlMjBpZCUzRCUyMkNvbnRhaW5lciUyMiUzRSUzQyUyRmRpdiUzRSUyMCUyMCUyMCUyMCUwQSUzQ2RpdiUyMGlkJTNEJTIyQ29udGFpbmVyXzIlMjIlM0UlM0MlMkZkaXYlM0UlMjAlMjAlMjAlMjAlMEElM0NkaXYlMjBpZCUzRCUyMkNvbnRhaW5lcl8zJTIyJTNFJTNDJTJGZGl2JTNFJTIwJTBBJTNDZGl2JTIwaWQlM0QlMjJDb250YWluZXJfNCUyMiUzRSUzQyUyRmRpdiUzRSUyMCUwQS0tJTNFJTBBJTBB[\/vc_raw_html][vc_raw_js]JTNDc2NyaXB0JTIwdHlwZSUzRCUyMnRleHQlMkZqYXZhc2NyaXB0JTIyJTNFJTBBJTBBJTIwZnVuY3Rpb24lMjBkb1RyYWNrJTI4JTI5JTdCJTBBJTIwJTIwJTIwJTIwdmFyJTIwZl9wZXNvX3JlYWxfZW5fbGlicmFzJTIwJTNEJTIwZG9jdW1lbnQuZ2V0RWxlbWVudEJ5SWQlMjglMjJZUSUyMiUyOS52YWx1ZSUzQiUyMCUyMCUyRiUyRm5vMSUwQSUyMCUyMCUyMCUyMHZhciUyMGZfZGltZW5zaW9uX2FsdG8lMjAlM0QlMjBkb2N1bWVudC5nZXRFbGVtZW50QnlJZCUyOCUyMllRTnVtJTIyJTI5LnZhbHVlJTNCJTIwJTIwJTIwJTIwJTJGJTJGbm8yJTBBJTIwJTIwJTIwJTIwdmFyJTIwZl9kaW1lbnNpb25fYW5jaG8lMjAlM0QlMjBkb2N1bWVudC5nZXRFbGVtZW50QnlJZCUyOCUyMlFOdW0lMjIlMjkudmFsdWUlM0IlMjAlMjAlMjAlMjAlMkYlMkZubzMlMEElMjAlMjAlMjAlMjB2YXIlMjBmX2RpbWVuc2lvbl9sYXJnbyUyMCUzRCUyMGRvY3VtZW50LmdldEVsZW1lbnRCeUlkJTI4JTIyTnVtJTIyJTI5LnZhbHVlJTNCJTIwJTIwJTIwJTIwJTIwJTJGJTJGbm80JTBBJTIwJTIwJTIwJTIwJTBBJTIwJTIwJTIwJTIwaWYlMjglMjglMjBmX3Blc29fcmVhbF9lbl9saWJyYXMlM0QlM0QlM0QlMjIlMjIlMjklN0MlN0MlMjglMjAlMjglMjFmX3Blc29fcmVhbF9lbl9saWJyYXMubWF0Y2glMjglMkYlNUUlNUNkJTJCJTJGJTI5JTI5JTIwJTI5JTI5JTdCJTBBJTIwJTIwJTIwJTIwJTIwJTIwJTIwJTIwbXNnJTNEJTIyRW50ZXIlMjBhJTIwbnVtYmVyLiUyMiUzQiUwQSUyMCUyMCUyMCUyMCUyMCUyMCUyMCUyMGRvY3VtZW50LmdldEVsZW1lbnRCeUlkJTI4JTIyZXJyb3JfbXNnJTIyJTI5LmlubmVySFRNTCUzRG1zZyUzQiUwQSUyMCUyMCUyMCUyMCU3RGVsc2UlMjAlN0IlMjAlMjAlMjAlMjAlMjAlMjAlMjAlMjAlMEElMjAlMjAlMjAlMjAlMjAlMjAlMjAlMjBkb2N1bWVudC5nZXRFbGVtZW50QnlJZCUyOCUyMmVycm9yX21zZyUyMiUyOS5pbm5lckhUTUwlM0QlMjIlMjIlM0IlMEElMjAlMjAlMjAlMjAlN0QlMEElMjAlMEElMjAlMjAlMjAlMjBpZiUyOCUyOGZfZGltZW5zaW9uX2FsdG8lM0QlM0QlM0QlMjIlMjIlMjklN0MlN0MlMjglMjFmX2RpbWVuc2lvbl9hbHRvLm1hdGNoJTI4JTJGJTVFJTVDZCUyQiUyRiUyOSUyOSUyMCUyOSU3QiUwQSUyMCUyMCUyMCUyMCUyMCUyMCUyMCUyMG1zZyUzRCUyMkVudGVyJTIwYSUyMG51bWJlci4lMjIlM0IlMEElMjAlMjAlMjAlMjAlMjAlMjAlMjAlMjBkb2N1bWVudC5nZXRFbGVtZW50QnlJZCUyOCUyMmVycm9yX21zZyUyMiUyOS5pbm5lckhUTUwlM0Rtc2clM0IlMEElMjAlMjAlMjAlMjAlN0RlbHNlJTIwJTdCJTIwJTIwJTIwJTIwJTIwJTIwJTIwJTIwJTBBJTIwJTIwJTIwJTIwJTIwJTIwJTIwJTIwZG9jdW1lbnQuZ2V0RWxlbWVudEJ5SWQlMjglMjJlcnJvcl9tc2clMjIlMjkuaW5uZXJIVE1MJTNEJTIyJTIyJTNCJTBBJTIwJTIwJTIwJTIwJTdEJTIwJTIwJTIwJTBBJTIwJTIwJTIwJTIwJTBBJTIwJTIwJTIwJTIwaWYlMjglMjhmX2RpbWVuc2lvbl9hbmNobyUzRCUzRCUzRCUyMiUyMiUyOSU3QyU3QyUyOCUyMWZfZGltZW5zaW9uX2FuY2hvLm1hdGNoJTI4JTJGJTVFJTVDZCUyQiUyRiUyOSUyOSUyMCUyOSU3QiUwQSUyMCUyMCUyMCUyMCUyMCUyMCUyMCUyMG1zZyUzRCUyMkVudGVyJTIwYSUyMG51bWJlci4lMjIlM0IlMEElMjAlMjAlMjAlMjAlMjAlMjAlMjAlMjBkb2N1bWVudC5nZXRFbGVtZW50QnlJZCUyOCUyMmVycm9yX21zZyUyMiUyOS5pbm5lckhUTUwlM0Rtc2clM0IlMEElMjAlMjAlMjAlMjAlN0RlbHNlJTIwJTdCJTIwJTIwJTIwJTIwJTIwJTIwJTIwJTIwJTBBJTIwJTIwJTIwJTIwJTIwJTIwJTIwJTIwZG9jdW1lbnQuZ2V0RWxlbWVudEJ5SWQlMjglMjJlcnJvcl9tc2clMjIlMjkuaW5uZXJIVE1MJTNEJTIyJTIyJTNCJTBBJTIwJTIwJTIwJTIwJTdEJTBBJTIwJTIwJTIwJTBBJTIwJTIwJTIwJTIwaWYlMjglMjhmX2RpbWVuc2lvbl9sYXJnbyUzRCUzRCUzRCUyMiUyMiUyOSU3QyU3QyUyOCUyMWZfZGltZW5zaW9uX2xhcmdvLm1hdGNoJTI4JTJGJTVFJTVDZCUyQiUyRiUyOSUyOSUyMCUyOSU3QiUwQSUyMCUyMCUyMCUyMCUyMCUyMCUyMCUyMG1zZyUzRCUyMkVudGVyJTIwYSUyMG51bWJlci4lMjIlM0IlMEElMjAlMjAlMjAlMjAlMjAlMjAlMjAlMjBkb2N1bWVudC5nZXRFbGVtZW50QnlJZCUyOCUyMmVycm9yX21zZyUyMiUyOS5pbm5lckhUTUwlM0Rtc2clM0IlMEElMjAlMjAlMjAlMjAlN0RlbHNlJTIwJTdCJTIwJTIwJTIwJTIwJTIwJTIwJTIwJTIwJTBBJTIwJTIwJTIwJTIwJTIwJTIwJTIwJTIwZG9jdW1lbnQuZ2V0RWxlbWVudEJ5SWQlMjglMjJlcnJvcl9tc2clMjIlMjkuaW5uZXJIVE1MJTNEJTIyJTIyJTNCJTBBJTIwJTIwJTIwJTIwJTdEJTBBJTBBJTIwJTIwJTIwJTIwdmFyJTIwcGVzb19yZWFsX2VuX2xpYnJhcyUyMCUyMCUzRCUyME51bWJlciUyOGZfcGVzb19yZWFsX2VuX2xpYnJhcyUyOSUzQiUyMCUyRiUyRm5vJTBBJTIwJTIwJTIwJTIwdmFyJTIwZGltZW5zaW9uX2FsdG8lMjAlM0QlMjBOdW1iZXIlMjhmX2RpbWVuc2lvbl9hbHRvJTI5JTNCJTIwJTIwJTIwJTJGJTJGbnVtJTBBJTIwJTIwJTIwJTIwdmFyJTIwZGltZW5zaW9uX2FuY2hvJTIwJTIwJTNEJTIwTnVtYmVyJTI4Zl9kaW1lbnNpb25fYW5jaG8lMjklM0IlMjAlMjAlMkYlMkZudSUwQSUyMCUyMCUyMCUyMHZhciUyMGRpbWVuc2lvbl9sYXJnbyUyMCUyMCUyMCUzRCUyME51bWJlciUyOGZfZGltZW5zaW9uX2xhcmdvJTI5JTNCJTIwJTIwJTJGJTJGbnUlMEElMEElMjAlMjAlMjAlMjB2YXIlMjBwZXNvX3ZvbHVtZXRyaWNvJTIwJTNEJTIwTWF0aC5yb3VuZCUyOCUyOGRpbWVuc2lvbl9hbHRvJTIwJTJBJTIwZl9kaW1lbnNpb25fYW5jaG8lMjAlMkElMjBmX2RpbWVuc2lvbl9sYXJnbyUyOSUyRjE2NiUyOSUzQiUwQSUyMCUyMCUyMCUyMCUwQSUyMCUyMCUyMCUyMHZhciUyMHByZWNpb19hZXJlbyUyMCUzRCUyMDAlM0IlMEElMjAlMjAlMjAlMjB2YXIlMjBwYXF1ZXRlX2FlcmVvX211eV9ncmFuZGUlMjAlM0QlMjBmYWxzZSUzQiUwQSUyMCUyMCUyMCUyMHZhciUyMHByZWNpb19tYXJpdGltbyUyMCUzRCUyMDAlM0IlMEElMjAlMjAlMjAlMjAlMEElMjAlMjAlMjAlMjBlcl9tc2clM0QlMjIlMjIlM0IlMEElMEElMjAlMjAlMjAlMjAlMkYlMkYlMjBDYWxjdWxvJTIwYWVyZW8lMEElMjAlMjAlMjAlMjBpZiUyOCUyOHBlc29fcmVhbF9lbl9saWJyYXMlMjAlM0UlM0QlMjAxJTI5JTIwJTI2JTI2JTIwJTI4cGVzb19yZWFsX2VuX2xpYnJhcyUyMCUzQyUzRCUyMDIwJTI5JTI5JTIwJTdCJTIwJTIwJTBBJTIwJTIwJTIwJTIwJTIwJTIwJTIwJTIwcHJlY2lvX2FlcmVvJTIwJTNEJTIwY2FsY3VsYXJfcHJlY2lvJTI4cGVzb19yZWFsX2VuX2xpYnJhcyUyQyUyMHBlc29fdm9sdW1ldHJpY28lMkMlMjAzLjcwJTI5JTNCJTBBJTIwJTIwJTIwJTIwJTIwJTIwJTIwJTIwZG9jdW1lbnQuZ2V0RWxlbWVudEJ5SWQlMjglMjJDb250YWluZXJfMyUyMiUyOS5pbm5lckhUTUwlMjAlM0QlMjAlMjclM0NiJTNFJTI0JTI3JTIwJTJCJTIwcHJlY2lvX2FlcmVvLnRvRml4ZWQlMjgyJTI5JTIwJTJCJTIwJTIyJTNDJTJGYiUzRSUyMiUzQiUwQSUyMCUyMCUyMCUyMCU3RGVsc2UlMjBpZiUyOCUyOHBlc29fcmVhbF9lbl9saWJyYXMlMjAlM0UlM0QlMjAyMSUyOSUyMCUyNiUyNiUyMCUyOHBlc29fcmVhbF9lbl9saWJyYXMlMjAlM0MlM0QlMjA1MCUyOSUyOSUyMCU3QiUwQSUyMCUyMCUyMCUyMCUyMCUyMCUyMCUyMHByZWNpb19hZXJlbyUyMCUzRCUyMGNhbGN1bGFyX3ByZWNpbyUyOHBlc29fcmVhbF9lbl9saWJyYXMlMkMlMjBwZXNvX3ZvbHVtZXRyaWNvJTJDJTIwMy4zNSUyOSUzQiUwQSUyMCUyMCUyMCUyMCUyMCUyMCUyMCUyMGRvY3VtZW50LmdldEVsZW1lbnRCeUlkJTI4JTIyQ29udGFpbmVyXzMlMjIlMjkuaW5uZXJIVE1MJTIwJTNEJTIwJTI3JTNDYiUzRSUyNCUyNyUyMCUyQiUyMHByZWNpb19hZXJlby50b0ZpeGVkJTI4MiUyOSUyMCUyQiUyMCUyMiUzQyUyRmIlM0UlMjIlM0IlMEElMjAlMjAlMjAlMjAlN0RlbHNlJTIwaWYlMjglMjhwZXNvX3JlYWxfZW5fbGlicmFzJTIwJTNFJTNEJTIwNTElMjklMjAlMjYlMjYlMjAlMjhwZXNvX3JlYWxfZW5fbGlicmFzJTIwJTNDJTNEJTIwMTIwJTI5JTI5JTIwJTdCJTBBJTIwJTIwJTIwJTIwJTIwJTIwJTIwJTIwcHJlY2lvX2FlcmVvJTIwJTNEJTIwJTIwY2FsY3VsYXJfcHJlY2lvJTI4cGVzb19yZWFsX2VuX2xpYnJhcyUyQyUyMHBlc29fdm9sdW1ldHJpY28lMkMlMjAzLjAwJTI5JTNCJTBBJTIwJTIwJTIwJTIwJTIwJTIwJTIwJTIwZG9jdW1lbnQuZ2V0RWxlbWVudEJ5SWQlMjglMjJDb250YWluZXJfMyUyMiUyOS5pbm5lckhUTUwlMjAlM0QlMjAlMjclM0NiJTNFJTI0JTI3JTIwJTJCJTIwcHJlY2lvX2FlcmVvLnRvRml4ZWQlMjgyJTI5JTIwJTJCJTIwJTIyJTNDJTJGYiUzRSUyMiUzQiUwQSUyMCUyMCUyMCUyMCU3RGVsc2UlMjBpZiUyOHBlc29fcmVhbF9lbl9saWJyYXMlMjAlM0UlMjAxMjAlMjAlMjklMjAlN0IlMEElMjAlMjAlMjAlMjAlMjAlMjAlMjAlMjBkb2N1bWVudC5nZXRFbGVtZW50QnlJZCUyOCUyMkNvbnRhaW5lcl8zJTIyJTI5LmlubmVySFRNTCUyMCUzRCUyMCUyNyUzQ2ZvbnQlMjBjb2xvciUzRHJlZCUzRSUzQ2IlM0VGb3IlMjBtb3JlJTIwdGhhbiUyMDEyMCUyMGxicyUyQyUyMHBsZWFzZSUyMHJlcXVlc3QlMjBhJTIwcXVvdGUlMjB2aWElMjBlbWFpbCUzQSUyMGF0ZW5jaW9uJTQwZWFzeWNhcmdvcGFuYW1hLmNvbSUzQyUyRmIlM0UlM0MlMkZmb250JTNFJTI3JTNCJTBBJTIwJTIwJTIwJTIwJTdEJTBBJTBBJTIwJTIwJTIwJTIwJTJGJTJGJTIwQ2FsY3VsbyUyMG1hcml0aW1vJTBBJTJGJTJBJTBBJTIwJTIwJTIwJTIwaWYlMjhwZXNvX3JlYWxfZW5fbGlicmFzJTIwJTNDJTIwNzUlMjklMjAlN0IlMEElMjAlMjAlMjAlMjAlMjAlMjAlMjAlMjBkb2N1bWVudC5nZXRFbGVtZW50QnlJZCUyOCUyMkNvbnRhaW5lcl80JTIyJTI5LmlubmVySFRNTCUyMCUzRCUyMCUyNyUzQ2ZvbnQlMjBjb2xvciUzRHJlZCUzRSUzQ2IlM0VTZXJ2aWNlJTIwbm90JTIwYXZhaWxhYmUlMjBmb3IlMjBsZXNzJTIwdGhhbiUyMDc1JTIwbGJzLiUzQyUyRmIlM0UlM0MlMkZmb250JTNFJTI3JTNCJTBBJTIwJTIwJTIwJTIwJTdEZWxzZSUyMGlmJTI4JTI4cGVzb19yZWFsX2VuX2xpYnJhcyUyMCUzRSUzRCUyMDc1JTI5JTIwJTI2JTI2JTIwJTI4cGVzb19yZWFsX2VuX2xpYnJhcyUyMCUzQyUzRCUyMDEwMCUyOSUyOSUyMCU3QiUwQSUyMCUyMCUyMCUyMCUyMCUyMCUyMCUyMHByZWNpb19tYXJpdGltbyUyMCUzRCUyMGNhbGN1bGFyX3ByZWNpbyUyOHBlc29fcmVhbF9lbl9saWJyYXMlMkMlMjBwZXNvX3ZvbHVtZXRyaWNvJTJDJTIwMi4yNSUyOSUzQiUwQSUyMCUyMCUyMCUyMCUyMCUyMCUyMCUyMGRvY3VtZW50LmdldEVsZW1lbnRCeUlkJTI4JTIyQ29udGFpbmVyXzQlMjIlMjkuaW5uZXJIVE1MJTIwJTNEJTIwJTI3JTNDYiUzRSUyNCUyNyUyMCUyQiUyMHByZWNpb19tYXJpdGltby50b0ZpeGVkJTI4MiUyOSUyMCUyQiUyMCUyMiUzQyUyRmIlM0UlMjIlM0IlMEElMjAlMjAlMjAlMjAlN0RlbHNlJTIwaWYlMjglMjhwZXNvX3JlYWxfZW5fbGlicmFzJTIwJTNFJTIwMTAwJTI5JTIwJTI2JTI2JTIwJTI4cGVzb19yZWFsX2VuX2xpYnJhcyUyMCUzQyUzRCUyMDEyNSUyOSUyOSUyMCU3QiUwQSUyMCUyMCUyMCUyMCUyMCUyMCUyMCUyMHByZWNpb19tYXJpdGltbyUyMCUzRCUyMGNhbGN1bGFyX3ByZWNpbyUyOHBlc29fcmVhbF9lbl9saWJyYXMlMkMlMjBwZXNvX3ZvbHVtZXRyaWNvJTJDJTIwMi4wMCUyOSUzQiUwQSUyMCUyMCUyMCUyMCUyMCUyMCUyMCUyMGRvY3VtZW50LmdldEVsZW1lbnRCeUlkJTI4JTIyQ29udGFpbmVyXzQlMjIlMjkuaW5uZXJIVE1MJTIwJTNEJTIwJTI3JTNDYiUzRSUyNCUyNyUyMCUyQiUyMHByZWNpb19tYXJpdGltby50b0ZpeGVkJTI4MiUyOSUyMCUyQiUyMCUyMiUzQyUyRmIlM0UlMjIlM0IlMEElMjAlMjAlMjAlMjAlN0RlbHNlJTIwaWYlMjhwZXNvX3JlYWxfZW5fbGlicmFzJTIwJTNFJTIwMTI1JTI5JTIwJTdCJTBBJTIwJTIwJTIwJTIwJTIwJTIwJTIwJTIwZG9jdW1lbnQuZ2V0RWxlbWVudEJ5SWQlMjglMjJDb250YWluZXJfNCUyMiUyOS5pbm5lckhUTUwlMjAlM0QlMjAlMjclM0Nmb250JTIwY29sb3IlM0RyZWQlM0UlM0NiJTNFRm9yJTIwbW9yZSUyMHRoYW4lMjAxMjUlMjBsYnMlMkMlMjBwbGVhc2UlMjByZXF1ZXN0JTIwYSUyMHF1b3RlJTIwdmlhJTIwZW1haWwlM0ElMjBhdGVuY2lvbiU0MGVhc3ljYXJnb3BhbmFtYS5jb20lM0MlMkZiJTNFJTNDJTJGZm9udCUzRSUyNyUzQiUwQSUyMCUyMCUyMCUyMCU3RCUwQSUyQSUyRiUyMCUyMCUyMCUyMCUwQSUyMCUyMCUyMCUyMGRvY3VtZW50LmdldEVsZW1lbnRCeUlkJTI4JTIyQ29udGFpbmVyXzQlMjIlMjkuaW5uZXJIVE1MJTIwJTNEJTIwJTIyJTNDYiUzRURpc2FibGVkJTIwdGVtcG9yYXJpbHklMjBkdWUlMjB0byUyMGZlZSUyMHVwZGF0ZXMlM0MlMkZiJTNFJTIyJTNCJTBBJTBBJTIwJTIwJTIwJTIwZG9jdW1lbnQuZ2V0RWxlbWVudEJ5SWQlMjglMjJDb250YWluZXIlMjIlMjkuaW5uZXJIVE1MJTIwJTNEJTIwJTIyJTNDYiUzRSUyMiUyMCUyQiUyMHBlc29fdm9sdW1ldHJpY28lMjAlMkIlMjAlMjIlM0MlMkZiJTNFJTIyJTNCJTIwJTBBJTBBJTdEJTBBJTBBZnVuY3Rpb24lMjBjYWxjdWxhcl9wcmVjaW8lMjhwZXNvX3JlYWwlMkMlMjBwZXNvX3ZvbHVtZXRyaWNvJTJDJTIwcHJlY2lvX3Bvcl9saWJyYSUyOSU3QiUwQSUyMCUyMCUyMCUyMHZhciUyMGNvc3RvX3Bvcl91bmlkYWRfdm9sdW1ldHJpY2FfZXhjZWRpZGElMjAlM0QlMjAxJTNCJTBBJTIwJTIwJTIwJTIwJTBBJTIwJTIwJTIwJTIwaWYlMjhwZXNvX3ZvbHVtZXRyaWNvJTIwJTNFJTIwcGVzb19yZWFsJTI5JTdCJTBBJTIwJTIwJTIwJTIwJTIwJTIwJTIwJTIwY29zdG8lMjAlM0QlMjAlMjhwZXNvX3JlYWwlMjAlMkElMjBwcmVjaW9fcG9yX2xpYnJhJTI5JTIwJTJCJTIwJTI4JTI4cGVzb192b2x1bWV0cmljbyUyMC0lMjBwZXNvX3JlYWwlMjklMjAlMkElMjBjb3N0b19wb3JfdW5pZGFkX3ZvbHVtZXRyaWNhX2V4Y2VkaWRhJTI5JTNCJTIwJTIwJTIwJTIwJTBBJTIwJTIwJTIwJTIwJTdEZWxzZSU3QiUwQSUyMCUyMCUyMCUyMCUyMCUyMCUyMCUyMGNvc3RvJTIwJTNEJTIwcGVzb19yZWFsJTIwJTJBJTIwcHJlY2lvX3Bvcl9saWJyYSUzQiUwQSUyMCUyMCUyMCUyMCU3RCUwQSUyMCUyMCUyMCUyMCUwQSUyMCUyMCUyMCUyMCUwQSUyMCUyMCUyMCUyMGlmJTI4Y29zdG8lM0M1JTI5JTIwY29zdG8lMjAlM0QlMjA1JTNCJTBBJTIwJTIwJTIwJTIwJTBBJTIwJTIwJTIwJTIwcmV0dXJuJTIwY29zdG8lM0IlMEElMjAlMjAlMjAlMjAlMEElN0QlMEElMEElMjAlM0MlMkZzY3JpcHQlM0U=[\/vc_raw_js][\/vc_column][\/vc_row]\n\n-->","protected":false},"excerpt":{"rendered":"<p>Por favor ir a nuestra nueva p\u00e1gina de cotizaci\u00f3n: Click aqu\u00ed Please go to our new price quote page: Click here<\/p>\n","protected":false},"author":1,"featured_media":0,"parent":0,"menu_order":0,"comment_status":"closed","ping_status":"closed","template":"","meta":[],"_links":{"self":[{"href":"https:\/\/easycargopanama.com\/en\/wp-json\/wp\/v2\/pages\/5978"}],"collection":[{"href":"https:\/\/easycargopanama.com\/en\/wp-json\/wp\/v2\/pages"}],"about":[{"href":"https:\/\/easycargopanama.com\/en\/wp-json\/wp\/v2\/types\/page"}],"author":[{"embeddable":true,"href":"https:\/\/easycargopanama.com\/en\/wp-json\/wp\/v2\/users\/1"}],"replies":[{"embeddable":true,"href":"https:\/\/easycargopanama.com\/en\/wp-json\/wp\/v2\/comments?post=5978"}],"version-history":[{"count":216,"href":"https:\/\/easycargopanama.com\/en\/wp-json\/wp\/v2\/pages\/5978\/revisions"}],"predecessor-version":[{"id":6646,"href":"https:\/\/easycargopanama.com\/en\/wp-json\/wp\/v2\/pages\/5978\/revisions\/6646"}],"wp:attachment":[{"href":"https:\/\/easycargopanama.com\/en\/wp-json\/wp\/v2\/media?parent=5978"}],"curies":[{"name":"wp","href":"https:\/\/api.w.org\/{rel}","templated":true}]}}