{"id":6243,"date":"2017-07-19T13:00:31","date_gmt":"2017-07-19T13:00:31","guid":{"rendered":"http:\/\/easycargopanama.com\/register\/"},"modified":"2017-07-25T09:53:56","modified_gmt":"2017-07-25T09:53:56","slug":"register","status":"publish","type":"page","link":"https:\/\/easycargopanama.com\/en\/register\/","title":{"rendered":"Register"},"content":{"rendered":"\r\n<div class=\"um um-register um-6235\">\r\n\r\n\t<div class=\"um-form\" data-mode=\"register\">\r\n\r\n\t\t<form method=\"post\" action=\"\">\r\n\r\n\t\t\t<div class=\"um-row _um_row_1 \" style=\"margin: 0 0 30px 0;\"><div class=\"um-col-1\"><div  id=\"um_field_6235_user_login\" class=\"um-field um-field-text  um-field-user_login um-field-text um-field-type_text\" data-key=\"user_login\"><div class=\"um-field-label\"><div class=\"um-field-label-icon\"><i class=\"um-faicon-user\" aria-label=\"Nombre de usuario\"><\/i><\/div><label for=\"user_login-6235\">Nombre de usuario<\/label><div class=\"um-clear\"><\/div><\/div><div class=\"um-field-area\"><input  autocomplete=\"off\" class=\"um-form-field valid \" type=\"text\" name=\"user_login-6235\" id=\"user_login-6235\" value=\"\" placeholder=\"\" data-validate=\"unique_username\" data-key=\"user_login\" \/>\r\n\r\n\t\t\t\t\t\t<\/div><\/div><div  id=\"um_field_6235_first_name\" class=\"um-field um-field-text  um-field-first_name um-field-text um-field-type_text\" data-key=\"first_name\"><div class=\"um-field-label\"><label for=\"first_name-6235\"> Nombre de pila<\/label><div class=\"um-clear\"><\/div><\/div><div class=\"um-field-area\"><input  autocomplete=\"off\" class=\"um-form-field valid \" type=\"text\" name=\"first_name-6235\" id=\"first_name-6235\" value=\"\" placeholder=\"\" data-validate=\"\" data-key=\"first_name\" \/>\r\n\r\n\t\t\t\t\t\t<\/div><\/div><div  id=\"um_field_6235_last_name\" class=\"um-field um-field-text  um-field-last_name um-field-text um-field-type_text\" data-key=\"last_name\"><div class=\"um-field-label\"><label for=\"last_name-6235\">Apellido<\/label><div class=\"um-clear\"><\/div><\/div><div class=\"um-field-area\"><input  autocomplete=\"off\" class=\"um-form-field valid \" type=\"text\" name=\"last_name-6235\" id=\"last_name-6235\" value=\"\" placeholder=\"\" data-validate=\"\" data-key=\"last_name\" \/>\r\n\r\n\t\t\t\t\t\t<\/div><\/div><div  id=\"um_field_6235_user_email\" class=\"um-field um-field-text  um-field-user_email um-field-text um-field-type_text\" data-key=\"user_email\"><div class=\"um-field-label\"><div class=\"um-field-label-icon\"><i class=\"um-icon-android-mail\" aria-label=\"Correo Electr\u00f3nico\"><\/i><\/div><label for=\"user_email-6235\">Correo Electr\u00f3nico<\/label><div class=\"um-clear\"><\/div><\/div><div class=\"um-field-area\"><input  autocomplete=\"off\" class=\"um-form-field valid \" type=\"text\" name=\"user_email-6235\" id=\"user_email-6235\" value=\"\" placeholder=\"\" data-validate=\"unique_email\" data-key=\"user_email\" \/>\r\n\r\n\t\t\t\t\t\t<\/div><\/div><div  id=\"um_field_6235_user_password\" class=\"um-field um-field-password  um-field-user_password um-field-password um-field-type_password\" data-key=\"user_password\"><div class=\"um-field-label\"><label for=\"user_password-6235\">Contrase\u00f1a<\/label><div class=\"um-clear\"><\/div><\/div><div class=\"um-field-area\"><input class=\"um-form-field valid \" type=\"password\" name=\"user_password-6235\" id=\"user_password-6235\" value=\"\" placeholder=\"Al menos 8 caracteres.\" data-validate=\"\" data-key=\"user_password\" \/>\r\n\r\n\t\t\t\t\t\t<\/div><\/div><div  id=\"um_field_6235_cell-number\" class=\"um-field um-field-number  um-field-cell-number um-field-number um-field-type_number\" data-key=\"cell-number\"><div class=\"um-field-label\"><label for=\"cell-number-6235\">N\u00famero de Celular<\/label><div class=\"um-clear\"><\/div><\/div><div class=\"um-field-area\"><input  class=\"um-form-field valid \" type=\"number\" name=\"cell-number-6235\" id=\"cell-number-6235\" value=\"\" placeholder=\"\" data-validate=\"0\" data-key=\"cell-number\"  \/>\r\n\r\n\t\t\t\t\t\t<\/div><\/div><div  id=\"um_field_6235_Birthday\" class=\"um-field um-field-date  um-field-Birthday um-field-date um-field-type_date\" data-key=\"Birthday\"><div class=\"um-field-label\"><label for=\"Birthday-6235\">Fecha de nacimiento<\/label><div class=\"um-clear\"><\/div><\/div><div class=\"um-field-area\"><input    class=\"um-form-field valid um-datepicker \" type=\"text\" name=\"Birthday-6235\" id=\"Birthday-6235\" value=\"\" placeholder=\"\" data-validate=\"\" data-key=\"Birthday\" data-range=\"years\" data-years=\"100\" data-years_x=\"past\" data-disabled_weekdays=\"\" data-date_min=\"1926,4,28\" data-date_max=\"2026,4,28\" data-format=\"d mmm yyyy\" data-value=\"\" \/>\r\n\r\n\t\t\t\t\t\t<\/div><\/div><div  id=\"um_field_6235_account-type\" class=\"um-field um-field-select  um-field-account-type um-field-select um-field-type_select\" data-key=\"account-type\"><div class=\"um-field-label\"><label for=\"account-type-6235\">Tipo de Cuenta<\/label><div class=\"um-clear\"><\/div><\/div><div class=\"um-field-area  \"><select data-default=\"\"     name=\"account-type\" id=\"account-type\" data-validate=\"\" data-key=\"account-type\" class=\"um-form-field valid um-s1 \" style=\"width: 100%\" data-placeholder=\"\" ><option value=\"\"><\/option><option value=\"Personal\" >Personal<\/option><option value=\"Business\" >Business<\/option><\/select><\/div><\/div><div  id=\"um_field_6235_province\" class=\"um-field um-field-select  um-field-province um-field-select um-field-type_select\" data-key=\"province\"><div class=\"um-field-label\"><label for=\"province-6235\">Provincia<\/label><div class=\"um-clear\"><\/div><\/div><div class=\"um-field-area  \"><select data-default=\"\"     name=\"province\" id=\"province\" data-validate=\"\" data-key=\"province\" class=\"um-form-field valid um-s1 \" style=\"width: 100%\" data-placeholder=\"\" ><option value=\"\"><\/option><option value=\"Panam\u00e1\" >Panam\u00e1<\/option><option value=\"Otros\" >Otros<\/option><\/select><\/div><\/div><div  id=\"um_field_6235_address\" class=\"um-field um-field-text  um-is-conditional um-field-address um-field-text um-field-type_text\" data-key=\"address\" data-cond-0-action=\"show\" data-cond-0-field=\"province\" data-cond-0-operator=\"contains\" data-cond-0-value=\"Panam\u00e1\"><div class=\"um-field-label\"><label for=\"address-6235\">Direcci\u00f3n<\/label><span class=\"um-tip um-tip-w\" title=\"Si provincia panam\u00e1, dar la direcci\u00f3n\"><i class=\"um-icon-help-circled\"><\/i><\/span><div class=\"um-clear\"><\/div><\/div><div class=\"um-field-area\"><input  autocomplete=\"off\" class=\"um-form-field valid \" type=\"text\" name=\"address-6235\" id=\"address-6235\" value=\"\" placeholder=\"\" data-validate=\"\" data-key=\"address\" \/>\r\n\r\n\t\t\t\t\t\t<\/div><\/div><div  id=\"um_field_6235_forma_de_recibo\" class=\"um-field um-field-select  um-field-forma_de_recibo um-field-select um-field-type_select\" data-key=\"forma_de_recibo\"><div class=\"um-field-label\"><label for=\"forma_de_recibo-6235\">Forma de recibir los paquetes<\/label><div class=\"um-clear\"><\/div><\/div><div class=\"um-field-area  \"><select data-default=\"\"     name=\"forma_de_recibo\" id=\"forma_de_recibo\" data-validate=\"\" data-key=\"forma_de_recibo\" class=\"um-form-field valid um-s1 \" style=\"width: 100%\" data-placeholder=\"\" ><option value=\"\"><\/option><option value=\"A domicilio\" >A domicilio<\/option><option value=\"Recoger en San Francisco\" >Recoger en San Francisco<\/option><\/select><\/div><\/div><div  id=\"um_field_6235_freight-service\" class=\"um-field um-field-text  um-is-conditional um-field-freight-service um-field-text um-field-type_text\" data-key=\"freight-service\" data-cond-0-action=\"show\" data-cond-0-field=\"province\" data-cond-0-operator=\"contains\" data-cond-0-value=\"Otros\"><div class=\"um-field-label\"><label for=\"freight-service-6235\">Servicio de Flete de su preferencia<\/label><span class=\"um-tip um-tip-w\" title=\"Si la provincia de otros, utilice el servicio de transporte interno de preferencia\"><i class=\"um-icon-help-circled\"><\/i><\/span><div class=\"um-clear\"><\/div><\/div><div class=\"um-field-area\"><input  autocomplete=\"off\" class=\"um-form-field valid \" type=\"text\" name=\"freight-service-6235\" id=\"freight-service-6235\" value=\"\" placeholder=\"\" data-validate=\"\" data-key=\"freight-service\" \/>\r\n\r\n\t\t\t\t\t\t<\/div><\/div><div  id=\"um_field_6235_origin\" class=\"um-field um-field-select  um-field-origin um-field-select um-field-type_select\" data-key=\"origin\"><div class=\"um-field-label\"><label for=\"origin-6235\">Procedencia<\/label><div class=\"um-clear\"><\/div><\/div><div class=\"um-field-area  \"><select data-default=\"\"     name=\"origin\" id=\"origin\" data-validate=\"\" data-key=\"origin\" class=\"um-form-field valid um-s1 \" style=\"width: 100%\" data-placeholder=\"\" ><option value=\"\"><\/option><option value=\"Amigo \/ Familiar\" >Amigo \/ Familiar<\/option><option value=\"Club\" >Club<\/option><option value=\"Empresa u Organizaci\u00f3n\" >Empresa u Organizaci\u00f3n<\/option><option value=\"Evento\" >Evento<\/option><option value=\"Redes Sociales\" >Redes Sociales<\/option><option value=\"Sitio Web\" >Sitio Web<\/option><option value=\"Volantes\" >Volantes<\/option><\/select><\/div><\/div><div  id=\"um_field_6235_description-of-provenance\" class=\"um-field um-field-text  um-field-description-of-provenance um-field-text um-field-type_text\" data-key=\"description-of-provenance\"><div class=\"um-field-label\"><label for=\"description-of-provenance-6235\">Descripci\u00f3n de Procedencia<\/label><div class=\"um-clear\"><\/div><\/div><div class=\"um-field-area\"><input  autocomplete=\"off\" class=\"um-form-field valid \" type=\"text\" name=\"description-of-provenance-6235\" id=\"description-of-provenance-6235\" value=\"\" placeholder=\"Nombre de Amigo o Familiar\/ Empresa u Org.\/ Red Social\/ Sitio Web\/ Lugar de Volanteo\" data-validate=\"\" data-key=\"description-of-provenance\" \/>\r\n\r\n\t\t\t\t\t\t<\/div><\/div><div  id=\"um_field_6235_termsandconditions\" class=\"um-field um-field-checkbox  um-field-termsandconditions um-field-checkbox um-field-type_checkbox\" data-key=\"termsandconditions\"><div class=\"um-field-label\"><label for=\"termsandconditions-6235\">T\u00e9rminos y Condiciones<\/label><div class=\"um-clear\"><\/div><\/div><div class=\"um-field-area\"><label class=\"um-field-checkbox  um-field-half \"><input   type=\"checkbox\" name=\"termsandconditions[]\" value=\"Si, acepto los Terminos y Condiciones.\"  \/><span class=\"um-field-checkbox-state\"><i class=\"um-icon-android-checkbox-outline-blank\"><\/i><\/span><span class=\"um-field-checkbox-option\">Si, acepto los <a href=\"http:\/\/easycargopanama.com\/terms-and-conditions\">Terminos y Condiciones<\/a>.<\/span><\/label><div class=\"um-clear\"><\/div><\/div><\/div><div  id=\"um_field_6235_offersandpromotions\" class=\"um-field um-field-checkbox  um-field-offersandpromotions um-field-checkbox um-field-type_checkbox\" data-key=\"offersandpromotions\"><div class=\"um-field-label\"><label for=\"offersandpromotions-6235\">Ofertas y Promociones de Easy Cargo en mi correo<\/label><div class=\"um-clear\"><\/div><\/div><div class=\"um-field-area\"><label class=\"um-field-checkbox  um-field-half \"><input   type=\"checkbox\" name=\"offersandpromotions[]\" value=\"Si.\"  \/><span class=\"um-field-checkbox-state\"><i class=\"um-icon-android-checkbox-outline-blank\"><\/i><\/span><span class=\"um-field-checkbox-option\">Si.<\/span><\/label><label class=\"um-field-checkbox  um-field-half right\"><input   type=\"checkbox\" name=\"offersandpromotions[]\" value=\"No.\"  \/><span class=\"um-field-checkbox-state\"><i class=\"um-icon-android-checkbox-outline-blank\"><\/i><\/span><span class=\"um-field-checkbox-option\">No.<\/span><\/label><div class=\"um-clear\"><\/div><div class=\"um-clear\"><\/div><\/div><\/div><\/div><\/div>\t\t<input type=\"hidden\" name=\"form_id\" id=\"form_id_6235\" value=\"6235\" \/>\r\n\t\r\n\t<p class=\"um_request_name\">\r\n\t\t<label for=\"um_request_6235\">Only fill in if you are not human<\/label>\r\n\t\t<input type=\"hidden\" name=\"um_request\" id=\"um_request_6235\" class=\"input\" value=\"\" size=\"25\" autocomplete=\"off\" \/>\r\n\t<\/p>\r\n\r\n\t<input type=\"hidden\" id=\"_wpnonce\" name=\"_wpnonce\" value=\"09f56a7e08\" \/><input type=\"hidden\" name=\"_wp_http_referer\" value=\"\/en\/wp-json\/wp\/v2\/pages\/6243\" \/>\r\n\t<div class=\"um-col-alt\">\r\n\r\n\t\t\r\n\t\t\t<div class=\"um-left um-half\">\r\n\t\t\t\t<input type=\"submit\" value=\"Registro\" class=\"um-button\" id=\"um-submit-btn\" \/>\r\n\t\t\t<\/div>\r\n\t\t\t<div class=\"um-right um-half\">\r\n\t\t\t\t<a href=\"https:\/\/easycargopanama.com\/en\/login\/\" class=\"um-button um-alt\">\r\n\t\t\t\t\t Iniciar sesi\u00f3n\t\t\t\t<\/a>\r\n\t\t\t<\/div>\r\n\r\n\t\t\r\n\t\t<div class=\"um-clear\"><\/div>\r\n\r\n\t<\/div>\r\n\r\n\t\t\t\r\n\t\t<\/form>\r\n\r\n\t<\/div>\r\n\r\n<\/div><style type=\"text\/css\">\r\n.um-6235.um {\r\n\tmax-width: 450px;\r\n}<\/style>\r\n\n","protected":false},"excerpt":{"rendered":"Nombre de usuario Nombre de pila Apellido Correo Electr\u00f3nico Contrase\u00f1a N\u00famero de Celular Fecha de nacimiento Tipo de CuentaPersonalBusinessProvinciaPanam\u00e1OtrosDirecci\u00f3n Forma de recibir los paquetesA domicilioRecoger en San FranciscoServicio de Flete de su preferencia ProcedenciaAmigo \/ FamiliarClubEmpresa u Organizaci\u00f3nEventoRedes SocialesSitio WebVolantesDescripci\u00f3n de Procedencia T\u00e9rminos y CondicionesSi, acepto los Terminos y Condiciones.Ofertas y Promociones de Easy Cargo [...]","protected":false},"author":1,"featured_media":0,"parent":0,"menu_order":0,"comment_status":"closed","ping_status":"open","template":"","meta":[],"_links":{"self":[{"href":"https:\/\/easycargopanama.com\/en\/wp-json\/wp\/v2\/pages\/6243"}],"collection":[{"href":"https:\/\/easycargopanama.com\/en\/wp-json\/wp\/v2\/pages"}],"about":[{"href":"https:\/\/easycargopanama.com\/en\/wp-json\/wp\/v2\/types\/page"}],"author":[{"embeddable":true,"href":"https:\/\/easycargopanama.com\/en\/wp-json\/wp\/v2\/users\/1"}],"replies":[{"embeddable":true,"href":"https:\/\/easycargopanama.com\/en\/wp-json\/wp\/v2\/comments?post=6243"}],"version-history":[{"count":3,"href":"https:\/\/easycargopanama.com\/en\/wp-json\/wp\/v2\/pages\/6243\/revisions"}],"predecessor-version":[{"id":6307,"href":"https:\/\/easycargopanama.com\/en\/wp-json\/wp\/v2\/pages\/6243\/revisions\/6307"}],"wp:attachment":[{"href":"https:\/\/easycargopanama.com\/en\/wp-json\/wp\/v2\/media?parent=6243"}],"curies":[{"name":"wp","href":"https:\/\/api.w.org\/{rel}","templated":true}]}}