{"id":6523,"date":"2018-06-08T11:45:28","date_gmt":"2018-06-08T11:45:28","guid":{"rendered":"http:\/\/easycargopanama.com\/?page_id=6523"},"modified":"2026-04-13T10:36:11","modified_gmt":"2026-04-13T15:36:11","slug":"precios_vigentes","status":"publish","type":"page","link":"https:\/\/easycargopanama.com\/en\/precios_vigentes\/","title":{"rendered":"Current Prices"},"content":{"rendered":"<!--img src=\"http:\/\/easycargopanama.com\/wp-content\/media\/2020\/05\/Tarifas_actualizadas_may_2020.jpg\"--><\/p>\n<table border=1 style='border:2px solid lightblue'>\n<tr>\n<td>\u00c1reas<\/td>\n<td>Precio de Entrega a Domicilio<\/td>\n<\/tr>\n<tr>\n<td>San Francisco, Paitilla, Obarrio, El Dorado, Bethania, Bella Vista y \u00e1rea metropolitana.<\/td>\n<td>B\/. 6.00<\/td>\n<\/tr>\n<tr>\n<td>\u00c1reas revertidas, Costa del Estes, Santa Mar\u00eda y \u00e1reas aleda\u00f1as<\/td>\n<td>B\/. 7.50<\/td>\n<\/tr>\n<tr>\n<td>Otras \u00e1reas a disposici\u00f3n de ruta disponible<\/td>\n<td>B\/. 10.50<\/td>\n<\/tr>\n<\/table>","protected":false},"excerpt":{"rendered":"<p>\u00c1reas Precio de Entrega a Domicilio San Francisco, Paitilla, Obarrio, El Dorado, Bethania, Bella Vista y \u00e1rea metropolitana. B\/. 6.00 \u00c1reas revertidas, Costa del Estes, Santa Mar\u00eda y \u00e1reas aleda\u00f1as B\/. 7.50 Otras \u00e1reas a disposici\u00f3n de ruta disponible B\/. 10.50<\/p>\n","protected":false},"author":203,"featured_media":0,"parent":0,"menu_order":0,"comment_status":"closed","ping_status":"closed","template":"","meta":[],"_links":{"self":[{"href":"https:\/\/easycargopanama.com\/en\/wp-json\/wp\/v2\/pages\/6523"}],"collection":[{"href":"https:\/\/easycargopanama.com\/en\/wp-json\/wp\/v2\/pages"}],"about":[{"href":"https:\/\/easycargopanama.com\/en\/wp-json\/wp\/v2\/types\/page"}],"author":[{"embeddable":true,"href":"https:\/\/easycargopanama.com\/en\/wp-json\/wp\/v2\/users\/203"}],"replies":[{"embeddable":true,"href":"https:\/\/easycargopanama.com\/en\/wp-json\/wp\/v2\/comments?post=6523"}],"version-history":[{"count":31,"href":"https:\/\/easycargopanama.com\/en\/wp-json\/wp\/v2\/pages\/6523\/revisions"}],"predecessor-version":[{"id":6722,"href":"https:\/\/easycargopanama.com\/en\/wp-json\/wp\/v2\/pages\/6523\/revisions\/6722"}],"wp:attachment":[{"href":"https:\/\/easycargopanama.com\/en\/wp-json\/wp\/v2\/media?parent=6523"}],"curies":[{"name":"wp","href":"https:\/\/api.w.org\/{rel}","templated":true}]}}